{"id":20033,"date":"2020-07-02T14:33:42","date_gmt":"2020-07-02T12:33:42","guid":{"rendered":"https:\/\/atrium.baltaci.cz\/konference-a-evetny\/"},"modified":"2022-09-13T09:35:34","modified_gmt":"2022-09-13T07:35:34","slug":"meeting-rooms","status":"publish","type":"page","link":"https:\/\/atrium.baltaci.cz\/en\/meeting-rooms\/","title":{"rendered":"Conferences &#038; Meetings"},"content":{"rendered":"","protected":false},"excerpt":{"rendered":"","protected":false},"author":1,"featured_media":0,"parent":0,"menu_order":0,"comment_status":"closed","ping_status":"closed","template":"template-enstablishment.php","meta":[],"yoast_head":"<!-- This site is optimized with the Yoast SEO plugin v17.0 - https:\/\/yoast.com\/wordpress\/plugins\/seo\/ -->\n<meta name=\"robots\" content=\"index, follow, max-snippet:-1, max-image-preview:large, max-video-preview:-1\" \/>\n<link rel=\"canonical\" href=\"https:\/\/atrium.baltaci.cz\/en\/meeting-rooms\/\" \/>\n<meta property=\"og:locale\" content=\"en_US\" \/>\n<meta property=\"og:type\" content=\"article\" \/>\n<meta property=\"og:title\" content=\"Conferences &amp; Meetings - Hotel Atrium Baltaci\" \/>\n<meta property=\"og:url\" content=\"https:\/\/atrium.baltaci.cz\/en\/meeting-rooms\/\" \/>\n<meta property=\"og:site_name\" content=\"Hotel Atrium Baltaci\" \/>\n<meta property=\"article:modified_time\" content=\"2022-09-13T07:35:34+00:00\" \/>\n<meta name=\"twitter:card\" content=\"summary_large_image\" \/>\n<script type=\"application\/ld+json\" class=\"yoast-schema-graph\">{\"@context\":\"https:\/\/schema.org\",\"@graph\":[{\"@type\":\"WebSite\",\"@id\":\"https:\/\/atrium.baltaci.cz\/#website\",\"url\":\"https:\/\/atrium.baltaci.cz\/\",\"name\":\"Hotel Atrium Baltaci\",\"description\":\"Dal\\u0161\\u00ed web pou\\u017e\\u00edvaj\\u00edc\\u00ed WordPress\",\"potentialAction\":[{\"@type\":\"SearchAction\",\"target\":{\"@type\":\"EntryPoint\",\"urlTemplate\":\"https:\/\/atrium.baltaci.cz\/?s={search_term_string}\"},\"query-input\":\"required name=search_term_string\"}],\"inLanguage\":\"en-US\"},{\"@type\":\"WebPage\",\"@id\":\"https:\/\/atrium.baltaci.cz\/en\/meeting-rooms\/#webpage\",\"url\":\"https:\/\/atrium.baltaci.cz\/en\/meeting-rooms\/\",\"name\":\"Conferences & Meetings - Hotel Atrium Baltaci\",\"isPartOf\":{\"@id\":\"https:\/\/atrium.baltaci.cz\/#website\"},\"datePublished\":\"2020-07-02T12:33:42+00:00\",\"dateModified\":\"2022-09-13T07:35:34+00:00\",\"breadcrumb\":{\"@id\":\"https:\/\/atrium.baltaci.cz\/en\/meeting-rooms\/#breadcrumb\"},\"inLanguage\":\"en-US\",\"potentialAction\":[{\"@type\":\"ReadAction\",\"target\":[\"https:\/\/atrium.baltaci.cz\/en\/meeting-rooms\/\"]}]},{\"@type\":\"BreadcrumbList\",\"@id\":\"https:\/\/atrium.baltaci.cz\/en\/meeting-rooms\/#breadcrumb\",\"itemListElement\":[{\"@type\":\"ListItem\",\"position\":1,\"name\":\"Dom\\u016f\",\"item\":\"https:\/\/atrium.baltaci.cz\/en\/\"},{\"@type\":\"ListItem\",\"position\":2,\"name\":\"Conferences &#038; Meetings\"}]}]}<\/script>\n<!-- \/ Yoast SEO plugin. -->","yoast_head_json":{"robots":{"index":"index","follow":"follow","max-snippet":"max-snippet:-1","max-image-preview":"max-image-preview:large","max-video-preview":"max-video-preview:-1"},"canonical":"https:\/\/atrium.baltaci.cz\/en\/meeting-rooms\/","og_locale":"en_US","og_type":"article","og_title":"Conferences & Meetings - Hotel Atrium Baltaci","og_url":"https:\/\/atrium.baltaci.cz\/en\/meeting-rooms\/","og_site_name":"Hotel Atrium Baltaci","article_modified_time":"2022-09-13T07:35:34+00:00","twitter_card":"summary_large_image","schema":{"@context":"https:\/\/schema.org","@graph":[{"@type":"WebSite","@id":"https:\/\/atrium.baltaci.cz\/#website","url":"https:\/\/atrium.baltaci.cz\/","name":"Hotel Atrium Baltaci","description":"Dal\u0161\u00ed web pou\u017e\u00edvaj\u00edc\u00ed WordPress","potentialAction":[{"@type":"SearchAction","target":{"@type":"EntryPoint","urlTemplate":"https:\/\/atrium.baltaci.cz\/?s={search_term_string}"},"query-input":"required name=search_term_string"}],"inLanguage":"en-US"},{"@type":"WebPage","@id":"https:\/\/atrium.baltaci.cz\/en\/meeting-rooms\/#webpage","url":"https:\/\/atrium.baltaci.cz\/en\/meeting-rooms\/","name":"Conferences & Meetings - Hotel Atrium Baltaci","isPartOf":{"@id":"https:\/\/atrium.baltaci.cz\/#website"},"datePublished":"2020-07-02T12:33:42+00:00","dateModified":"2022-09-13T07:35:34+00:00","breadcrumb":{"@id":"https:\/\/atrium.baltaci.cz\/en\/meeting-rooms\/#breadcrumb"},"inLanguage":"en-US","potentialAction":[{"@type":"ReadAction","target":["https:\/\/atrium.baltaci.cz\/en\/meeting-rooms\/"]}]},{"@type":"BreadcrumbList","@id":"https:\/\/atrium.baltaci.cz\/en\/meeting-rooms\/#breadcrumb","itemListElement":[{"@type":"ListItem","position":1,"name":"Dom\u016f","item":"https:\/\/atrium.baltaci.cz\/en\/"},{"@type":"ListItem","position":2,"name":"Conferences &#038; Meetings"}]}]}},"_links":{"self":[{"href":"https:\/\/atrium.baltaci.cz\/en\/wp-json\/wp\/v2\/pages\/20033"}],"collection":[{"href":"https:\/\/atrium.baltaci.cz\/en\/wp-json\/wp\/v2\/pages"}],"about":[{"href":"https:\/\/atrium.baltaci.cz\/en\/wp-json\/wp\/v2\/types\/page"}],"author":[{"embeddable":true,"href":"https:\/\/atrium.baltaci.cz\/en\/wp-json\/wp\/v2\/users\/1"}],"replies":[{"embeddable":true,"href":"https:\/\/atrium.baltaci.cz\/en\/wp-json\/wp\/v2\/comments?post=20033"}],"version-history":[{"count":3,"href":"https:\/\/atrium.baltaci.cz\/en\/wp-json\/wp\/v2\/pages\/20033\/revisions"}],"predecessor-version":[{"id":25164,"href":"https:\/\/atrium.baltaci.cz\/en\/wp-json\/wp\/v2\/pages\/20033\/revisions\/25164"}],"wp:attachment":[{"href":"https:\/\/atrium.baltaci.cz\/en\/wp-json\/wp\/v2\/media?parent=20033"}],"curies":[{"name":"wp","href":"https:\/\/api.w.org\/{rel}","templated":true}]}}